{"id":7072,"date":"2022-10-10T13:43:49","date_gmt":"2022-10-10T13:43:49","guid":{"rendered":"http:\/\/northestatehomes.com\/?page_id=7072"},"modified":"2023-09-20T12:57:32","modified_gmt":"2023-09-20T12:57:32","slug":"danismanlarimiz","status":"publish","type":"page","link":"https:\/\/northestatehomes.com\/ru\/danismanlarimiz\/","title":{"rendered":"Gayrimenkul Dan\u0131\u015fmanlar\u0131m\u0131z"},"content":{"rendered":"<div data-elementor-type=\"wp-page\" data-elementor-id=\"7072\" class=\"elementor elementor-7072\">\n\t\t\t\t\t\t\t\t\t<section class=\"elementor-section elementor-top-section elementor-element elementor-element-7b03ac7 elementor-section-boxed elementor-section-height-default elementor-section-height-default\" data-id=\"7b03ac7\" data-element_type=\"section\">\n\t\t\t\t\t\t<div class=\"elementor-container elementor-column-gap-default\">\n\t\t\t\t\t<div class=\"elementor-column elementor-col-100 elementor-top-column elementor-element elementor-element-63a8b4f\" data-id=\"63a8b4f\" data-element_type=\"column\">\n\t\t\t<div class=\"elementor-widget-wrap elementor-element-populated\">\n\t\t\t\t\t\t\t\t<div class=\"elementor-element elementor-element-57596f7 elementor-widget elementor-widget-g5-agent\" data-id=\"57596f7\" data-element_type=\"widget\" data-widget_type=\"g5-agent.default\">\n\t\t\t\t<div class=\"elementor-widget-container\">\n\t\t\t<div class=\"g5element__agent\">\n\t    <div data-items-wrapper=\"69f1a2ee5223a\" class=\"g5ere__listing-wrap g5ere__listing-agent-layout-grid\">\n\t\t        <div data-items-container class=\"g5ere__listing-inner row g5core__gutter-30\">\n\t\t\t<article class=\"g5core__gutter-item g5ere__agent-item g5ere__agent-skin-03 g5ere__agent-item-1 col-xl-6 col-lg-6 col-md-6 col-sm-6 col-12 g5ere__has-image-featured g5ere__loop-skin-classic g5ere__loop-agent-social-circle post-7181 agent type-agent status-publish has-post-thumbnail hentry agency-construction\">\n\t<div  class=\"g5ere__agent-item-inner g5ere__loop-item-inner  g5ere__li-hover-box-shadow bg-white text-center\">\n\t\t\t\t\t<div class=\"g5core__post-featured g5ere__agent-featured g5ere__post-featured-circle\">\n\t\t\t\t            <a class=\"g5core__entry-thumbnail g5core__entry-thumbnail-image\"\n               href=\"https:\/\/northestatehomes.com\/ru\/agent\/atahan-yildiz\/\">\n\t            <img loading=\"lazy\" decoding=\"async\"  alt=\"Atahan-Y\u0131ld\u0131z_Tiny\" width=\"1080\" height=\"1080\" src=\"https:\/\/northestatehomes.com\/wp-content\/uploads\/2022\/11\/Atahan-Yildiz_Tiny.png\">            <\/a>\n\t\t\t\t\t\t<\/div>\n\t\t\t\t<div class=\"g5ere__agent-content g5ere__loop-content\">\n\t\t\t<h3 class=\"g5ere__loop-agent-title\">\n\t<a title=\"Atahan Y\u0131ld\u0131z\" href=\"https:\/\/northestatehomes.com\/ru\/agent\/atahan-yildiz\/\">Atahan Y\u0131ld\u0131z<\/a>\n<\/h3><div class=\"g5ere__loop-agent-meta g5ere__loop-agent-position\">\n\t\t\t<span class=\"g5ere__lam-content\">\u0130n\u015faat M\u00fchendisi - Gayrimenkul Dan\u0131\u015fman\u0131<\/span>\n<\/div>\n\n<div class=\"g5ere__loop-agent-property\">\n    <a title=\"Atahan Y\u0131ld\u0131z\" href=\"https:\/\/northestatehomes.com\/ru\/agent\/atahan-yildiz\/\"><span\n                class=\"g5ere__lap-count mr-2\">3<\/span><span>Listed Properties<\/span><i\n                class=\"far fa-long-arrow-right ml-2\"><\/i><\/a>\n<\/div>\t\t<\/div>\n\t<\/div>\n<\/article>\n<article class=\"g5core__gutter-item g5ere__agent-item g5ere__agent-skin-03 g5ere__agent-item-2 col-xl-6 col-lg-6 col-md-6 col-sm-6 col-12 g5ere__has-image-featured g5ere__loop-skin-classic g5ere__loop-agent-social-circle post-7557 agent type-agent status-publish has-post-thumbnail hentry\">\n\t<div  class=\"g5ere__agent-item-inner g5ere__loop-item-inner  g5ere__li-hover-box-shadow bg-white text-center\">\n\t\t\t\t\t<div class=\"g5core__post-featured g5ere__agent-featured g5ere__post-featured-circle\">\n\t\t\t\t            <a class=\"g5core__entry-thumbnail g5core__entry-thumbnail-image\"\n               href=\"https:\/\/northestatehomes.com\/ru\/agent\/mehmet-ipek\/\">\n\t            <img loading=\"lazy\" decoding=\"async\"  alt=\"Mehmet \u0130pek\" width=\"1080\" height=\"1080\" src=\"https:\/\/northestatehomes.com\/wp-content\/uploads\/2022\/12\/mehmet.png\">            <\/a>\n\t\t\t\t\t\t<\/div>\n\t\t\t\t<div class=\"g5ere__agent-content g5ere__loop-content\">\n\t\t\t<h3 class=\"g5ere__loop-agent-title\">\n\t<a title=\"Mehmet \u0130pek\" href=\"https:\/\/northestatehomes.com\/ru\/agent\/mehmet-ipek\/\">Mehmet \u0130pek<\/a>\n<\/h3><div class=\"g5ere__loop-agent-meta g5ere__loop-agent-position\">\n\t\t\t<span class=\"g5ere__lam-content\">Gayrimenkul Dan\u0131\u015fman\u0131 - Grafik Tasar\u0131m<\/span>\n<\/div>\n\n<div class=\"g5ere__loop-agent-property\">\n    <a title=\"Mehmet \u0130pek\" href=\"https:\/\/northestatehomes.com\/ru\/agent\/mehmet-ipek\/\"><span\n                class=\"g5ere__lap-count mr-2\">0<\/span><span>Listed Properties<\/span><i\n                class=\"far fa-long-arrow-right ml-2\"><\/i><\/a>\n<\/div>\t\t<\/div>\n\t<\/div>\n<\/article>\n<article class=\"g5core__gutter-item g5ere__agent-item g5ere__agent-skin-03 g5ere__agent-item-3 col-xl-6 col-lg-6 col-md-6 col-sm-6 col-12 g5ere__has-image-featured g5ere__loop-skin-classic g5ere__loop-agent-social-circle post-8345 agent type-agent status-publish has-post-thumbnail hentry agency-construction\">\n\t<div  class=\"g5ere__agent-item-inner g5ere__loop-item-inner  g5ere__li-hover-box-shadow bg-white text-center\">\n\t\t\t\t\t<div class=\"g5core__post-featured g5ere__agent-featured g5ere__post-featured-circle\">\n\t\t\t\t            <a class=\"g5core__entry-thumbnail g5core__entry-thumbnail-image\"\n               href=\"https:\/\/northestatehomes.com\/ru\/agent\/meltem-turan\/\">\n\t            <img loading=\"lazy\" decoding=\"async\"  alt=\"Meltem Turan\" width=\"1600\" height=\"1600\" src=\"https:\/\/northestatehomes.com\/wp-content\/uploads\/2023\/08\/WhatsApp-Image-2023-07-28-at-14.04.53-1.jpeg\">            <\/a>\n\t\t\t\t\t\t<\/div>\n\t\t\t\t<div class=\"g5ere__agent-content g5ere__loop-content\">\n\t\t\t<h3 class=\"g5ere__loop-agent-title\">\n\t<a title=\"Meltem Turan\" href=\"https:\/\/northestatehomes.com\/ru\/agent\/meltem-turan\/\">Meltem Turan<\/a>\n<\/h3><div class=\"g5ere__loop-agent-meta g5ere__loop-agent-position\">\n\t\t\t<span class=\"g5ere__lam-content\">\u0430\u0433\u0435\u043d\u0442 \u043f\u043e \u043d\u0435\u0434\u0432\u0438\u0436\u0438\u043c\u043e\u0441\u0442\u0438<\/span>\n<\/div>\n\n<div class=\"g5ere__loop-agent-property\">\n    <a title=\"Meltem Turan\" href=\"https:\/\/northestatehomes.com\/ru\/agent\/meltem-turan\/\"><span\n                class=\"g5ere__lap-count mr-2\">0<\/span><span>Listed Properties<\/span><i\n                class=\"far fa-long-arrow-right ml-2\"><\/i><\/a>\n<\/div>\t\t<\/div>\n\t<\/div>\n<\/article>\n<article class=\"g5core__gutter-item g5ere__agent-item g5ere__agent-skin-03 g5ere__agent-item-4 col-xl-6 col-lg-6 col-md-6 col-sm-6 col-12 g5ere__has-image-featured g5ere__loop-skin-classic g5ere__loop-agent-social-circle post-8236 agent type-agent status-publish has-post-thumbnail hentry\">\n\t<div  class=\"g5ere__agent-item-inner g5ere__loop-item-inner  g5ere__li-hover-box-shadow bg-white text-center\">\n\t\t\t\t\t<div class=\"g5core__post-featured g5ere__agent-featured g5ere__post-featured-circle\">\n\t\t\t\t            <a class=\"g5core__entry-thumbnail g5core__entry-thumbnail-image\"\n               href=\"https:\/\/northestatehomes.com\/ru\/agent\/oluwadamilola-sotunde\/\">\n\t            <img loading=\"lazy\" decoding=\"async\"  alt=\"Dammy\" width=\"800\" height=\"1000\" src=\"https:\/\/northestatehomes.com\/wp-content\/uploads\/2023\/03\/Dammy.png\">            <\/a>\n\t\t\t\t\t\t<\/div>\n\t\t\t\t<div class=\"g5ere__agent-content g5ere__loop-content\">\n\t\t\t<h3 class=\"g5ere__loop-agent-title\">\n\t<a title=\"Oluwadamilola Sotunde\" href=\"https:\/\/northestatehomes.com\/ru\/agent\/oluwadamilola-sotunde\/\">Oluwadamilola Sotunde<\/a>\n<\/h3><div class=\"g5ere__loop-agent-meta g5ere__loop-agent-position\">\n\t\t\t<span class=\"g5ere__lam-content\">Enerji M\u00fchendisi &amp; Gayrimenkul Dan\u0131\u015fman\u0131<\/span>\n<\/div>\n\n<div class=\"g5ere__loop-agent-property\">\n    <a title=\"Oluwadamilola Sotunde\" href=\"https:\/\/northestatehomes.com\/ru\/agent\/oluwadamilola-sotunde\/\"><span\n                class=\"g5ere__lap-count mr-2\">0<\/span><span>Listed Properties<\/span><i\n                class=\"far fa-long-arrow-right ml-2\"><\/i><\/a>\n<\/div>\t\t<\/div>\n\t<\/div>\n<\/article>\n<article class=\"g5core__gutter-item g5ere__agent-item g5ere__agent-skin-03 g5ere__agent-item-5 col-xl-6 col-lg-6 col-md-6 col-sm-6 col-12 g5ere__has-image-featured g5ere__loop-skin-classic g5ere__loop-agent-social-circle post-7075 agent type-agent status-publish has-post-thumbnail hentry\">\n\t<div  class=\"g5ere__agent-item-inner g5ere__loop-item-inner  g5ere__li-hover-box-shadow bg-white text-center\">\n\t\t\t\t\t<div class=\"g5core__post-featured g5ere__agent-featured g5ere__post-featured-circle\">\n\t\t\t\t            <a class=\"g5core__entry-thumbnail g5core__entry-thumbnail-image\"\n               href=\"https:\/\/northestatehomes.com\/ru\/agent\/pervin-kocadag\/\">\n\t            <img loading=\"lazy\" decoding=\"async\"  alt=\"Pervin Kocada\u011f\" width=\"800\" height=\"1000\" src=\"https:\/\/northestatehomes.com\/wp-content\/uploads\/2022\/10\/North-Steel-Kisiler-2.png\">            <\/a>\n\t\t\t\t\t\t<\/div>\n\t\t\t\t<div class=\"g5ere__agent-content g5ere__loop-content\">\n\t\t\t<h3 class=\"g5ere__loop-agent-title\">\n\t<a title=\"Pervin Kocada\u011f\" href=\"https:\/\/northestatehomes.com\/ru\/agent\/pervin-kocadag\/\">Pervin Kocada\u011f<\/a>\n<\/h3><div class=\"g5ere__loop-agent-meta g5ere__loop-agent-position\">\n\t\t\t<span class=\"g5ere__lam-content\">\u041b\u0430\u043d\u0434\u0448\u0430\u0444\u0442\u043d\u044b\u0439 \u0430\u0440\u0445\u0438\u0442\u0435\u043a\u0442\u043e\u0440 -  \u0430\u0433\u0435\u043d\u0442 \u043f\u043e \u043d\u0435\u0434\u0432\u0438\u0436\u0438\u043c\u043e\u0441\u0442\u0438<\/span>\n<\/div>\n\n<div class=\"g5ere__loop-agent-property\">\n    <a title=\"Pervin Kocada\u011f\" href=\"https:\/\/northestatehomes.com\/ru\/agent\/pervin-kocadag\/\"><span\n                class=\"g5ere__lap-count mr-2\">14<\/span><span>Listed Properties<\/span><i\n                class=\"far fa-long-arrow-right ml-2\"><\/i><\/a>\n<\/div>\t\t<\/div>\n\t<\/div>\n<\/article>\n<article class=\"g5core__gutter-item g5ere__agent-item g5ere__agent-skin-03 g5ere__agent-item-6 col-xl-6 col-lg-6 col-md-6 col-sm-6 col-12 g5ere__has-image-featured g5ere__loop-skin-classic g5ere__loop-agent-social-circle post-7069 agent type-agent status-publish has-post-thumbnail hentry\">\n\t<div  class=\"g5ere__agent-item-inner g5ere__loop-item-inner  g5ere__li-hover-box-shadow bg-white text-center\">\n\t\t\t\t\t<div class=\"g5core__post-featured g5ere__agent-featured g5ere__post-featured-circle\">\n\t\t\t\t            <a class=\"g5core__entry-thumbnail g5core__entry-thumbnail-image\"\n               href=\"https:\/\/northestatehomes.com\/ru\/agent\/ugur-atay\/\">\n\t            <img loading=\"lazy\" decoding=\"async\"  alt=\"U\u011fur Atay\" width=\"1080\" height=\"1080\" src=\"https:\/\/northestatehomes.com\/wp-content\/uploads\/2022\/10\/North-Estate-Homes-1.png\">            <\/a>\n\t\t\t\t\t\t<\/div>\n\t\t\t\t<div class=\"g5ere__agent-content g5ere__loop-content\">\n\t\t\t<h3 class=\"g5ere__loop-agent-title\">\n\t<a title=\"U\u011fur Atay\" href=\"https:\/\/northestatehomes.com\/ru\/agent\/ugur-atay\/\">U\u011fur Atay<\/a>\n<\/h3><div class=\"g5ere__loop-agent-meta g5ere__loop-agent-position\">\n\t\t\t<span class=\"g5ere__lam-content\">\u0430\u0433\u0435\u043d\u0442 \u043f\u043e \u043d\u0435\u0434\u0432\u0438\u0436\u0438\u043c\u043e\u0441\u0442\u0438<\/span>\n<\/div>\n\n<div class=\"g5ere__loop-agent-property\">\n    <a title=\"U\u011fur Atay\" href=\"https:\/\/northestatehomes.com\/ru\/agent\/ugur-atay\/\"><span\n                class=\"g5ere__lap-count mr-2\">6<\/span><span>Listed Properties<\/span><i\n                class=\"far fa-long-arrow-right ml-2\"><\/i><\/a>\n<\/div>\t\t<\/div>\n\t<\/div>\n<\/article>\n<article class=\"g5core__gutter-item g5ere__agent-item g5ere__agent-skin-03 g5ere__agent-item-7 col-xl-6 col-lg-6 col-md-6 col-sm-6 col-12 g5ere__has-image-featured g5ere__loop-skin-classic g5ere__loop-agent-social-circle post-8537 agent type-agent status-publish has-post-thumbnail hentry\">\n\t<div  class=\"g5ere__agent-item-inner g5ere__loop-item-inner  g5ere__li-hover-box-shadow bg-white text-center\">\n\t\t\t\t\t<div class=\"g5core__post-featured g5ere__agent-featured g5ere__post-featured-circle\">\n\t\t\t\t            <a class=\"g5core__entry-thumbnail g5core__entry-thumbnail-image\"\n               href=\"https:\/\/northestatehomes.com\/ru\/agent\/cemre-bagriacik\/\">\n\t            <img loading=\"lazy\" decoding=\"async\"  alt=\"Cemre Ba\u011fr\u0131a\u00e7\u0131k\" width=\"800\" height=\"1000\" src=\"https:\/\/northestatehomes.com\/wp-content\/uploads\/2023\/09\/Cemre-hanim-.png\">            <\/a>\n\t\t\t\t\t\t<\/div>\n\t\t\t\t<div class=\"g5ere__agent-content g5ere__loop-content\">\n\t\t\t<h3 class=\"g5ere__loop-agent-title\">\n\t<a title=\"Cemre Ba\u011fr\u0131a\u00e7\u0131k\" href=\"https:\/\/northestatehomes.com\/ru\/agent\/cemre-bagriacik\/\">Cemre Ba\u011fr\u0131a\u00e7\u0131k<\/a>\n<\/h3><div class=\"g5ere__loop-agent-meta g5ere__loop-agent-position\">\n\t\t\t<span class=\"g5ere__lam-content\">\u0430\u0433\u0435\u043d\u0442 \u043f\u043e \u043d\u0435\u0434\u0432\u0438\u0436\u0438\u043c\u043e\u0441\u0442\u0438<\/span>\n<\/div>\n\n<div class=\"g5ere__loop-agent-property\">\n    <a title=\"Cemre Ba\u011fr\u0131a\u00e7\u0131k\" href=\"https:\/\/northestatehomes.com\/ru\/agent\/cemre-bagriacik\/\"><span\n                class=\"g5ere__lap-count mr-2\">0<\/span><span>Listed Properties<\/span><i\n                class=\"far fa-long-arrow-right ml-2\"><\/i><\/a>\n<\/div>\t\t<\/div>\n\t<\/div>\n<\/article>\n        <\/div>\n\t\t    <\/div>\n<\/div>\n\t\t<\/div>\n\t\t\t\t<\/div>\n\t\t\t\t\t<\/div>\n\t\t<\/div>\n\t\t\t\t\t\t\t<\/div>\n\t\t<\/section>\n\t\t\t\t\t\t\t<\/div>","protected":false},"excerpt":{"rendered":"<p>Atahan Y\u0131ld\u0131z \u0130n\u015faat M\u00fchendisi &#8211; Gayrimenkul Dan\u0131\u015fman\u0131 4Listed Properties Mehmet \u0130pek Gayrimenkul Dan\u0131\u015fman\u0131 &#8211; Grafik Tasar\u0131m 8Listed Properties Meltem Turan Gayrimenkul Dan\u0131\u015fman\u0131 0Listed Properties Oluwadamilola Sotunde Enerji M\u00fchendisi &amp; Gayrimenkul Dan\u0131\u015fman\u0131 0Listed Properties Pervin Kocada\u011f Peyzaj Mimar\u0131 &#8211; Gayrimenkul Dan\u0131\u015fman\u0131 14Listed Properties U\u011fur Atay Gayrimenkul Dan\u0131\u015fman\u0131 6Listed Properties Cemre Ba\u011fr\u0131a\u00e7\u0131k Gayrimenkul Dan\u0131\u015fman\u0131 0Listed Properties<\/p>","protected":false},"author":1,"featured_media":0,"parent":0,"menu_order":0,"comment_status":"closed","ping_status":"closed","template":"","meta":{"footnotes":"","_joinchat":[]},"_links":{"self":[{"href":"https:\/\/northestatehomes.com\/ru\/wp-json\/wp\/v2\/pages\/7072"}],"collection":[{"href":"https:\/\/northestatehomes.com\/ru\/wp-json\/wp\/v2\/pages"}],"about":[{"href":"https:\/\/northestatehomes.com\/ru\/wp-json\/wp\/v2\/types\/page"}],"author":[{"embeddable":true,"href":"https:\/\/northestatehomes.com\/ru\/wp-json\/wp\/v2\/users\/1"}],"replies":[{"embeddable":true,"href":"https:\/\/northestatehomes.com\/ru\/wp-json\/wp\/v2\/comments?post=7072"}],"version-history":[{"count":34,"href":"https:\/\/northestatehomes.com\/ru\/wp-json\/wp\/v2\/pages\/7072\/revisions"}],"predecessor-version":[{"id":8542,"href":"https:\/\/northestatehomes.com\/ru\/wp-json\/wp\/v2\/pages\/7072\/revisions\/8542"}],"wp:attachment":[{"href":"https:\/\/northestatehomes.com\/ru\/wp-json\/wp\/v2\/media?parent=7072"}],"curies":[{"name":"wp","href":"https:\/\/api.w.org\/{rel}","templated":true}]}}