{"id":5766,"date":"2021-03-23T03:10:02","date_gmt":"2021-03-23T03:10:02","guid":{"rendered":"https:\/\/bignorthestate.com\/?page_id=5766"},"modified":"2022-09-14T12:56:04","modified_gmt":"2022-09-14T12:56:04","slug":"services","status":"publish","type":"page","link":"https:\/\/northestatehomes.com\/en\/services\/","title":{"rendered":"Our Services"},"content":{"rendered":"<div data-elementor-type=\"wp-page\" data-elementor-id=\"5766\" class=\"elementor elementor-5766\">\n\t\t\t\t\t\t\t\t\t<section class=\"elementor-section elementor-top-section elementor-element elementor-element-a2a2a1a elementor-section-boxed elementor-section-height-default elementor-section-height-default\" data-id=\"a2a2a1a\" data-element_type=\"section\">\n\t\t\t\t\t\t<div class=\"elementor-container elementor-column-gap-no\">\n\t\t\t\t\t<div class=\"elementor-column elementor-col-100 elementor-top-column elementor-element elementor-element-c5835d1\" data-id=\"c5835d1\" data-element_type=\"column\">\n\t\t\t<div class=\"elementor-widget-wrap elementor-element-populated\">\n\t\t\t\t\t\t\t\t<div class=\"elementor-element elementor-element-8f9d75d elementor-widget elementor-widget-ube-heading\" data-id=\"8f9d75d\" data-element_type=\"widget\" data-widget_type=\"ube-heading.default\">\n\t\t\t\t<div class=\"elementor-widget-container\">\n\t\t\t<div class=\"ube-heading\">\n\t<h2 class=\"ube-heading-title\">Services That We Offer<\/h2><\/div>\t\t<\/div>\n\t\t\t\t<\/div>\n\t\t\t\t<div class=\"elementor-element elementor-element-c57f951 elementor-grid-3 elementor-grid-mobile-1 ube-position-top elementor-widget elementor-widget-ube-advanced-image-box\" data-id=\"c57f951\" data-element_type=\"widget\" data-widget_type=\"ube-advanced-image-box.default\">\n\t\t\t\t<div class=\"elementor-widget-container\">\n\t\t\t\t\t<div class=\"elementor-grid ube-advanced-image-box\">\n\t\t\t\t\t\t\t\t\t\t\t<div class=\"elementor-grid-item elementor-repeater-item-e9de8a6\">\n\t\t\t\t<div class=\"ube-icon-box-wrapper\">\n\t<div class=\"ube-image-box ube-icon-box\">\n\t\t\t\t\t<div class=\"ube-ib-icon ube-image\">\n\t\t\t\t<a href=\"#\" class=\"card-img\"><img loading=\"lazy\" decoding=\"async\" width=\"486\" height=\"640\" src=\"https:\/\/northestatehomes.com\/wp-content\/uploads\/2020\/07\/image-box-13.jpg\" class=\"attachment-full size-full\" alt=\"\" srcset=\"https:\/\/northestatehomes.com\/wp-content\/uploads\/2020\/07\/image-box-13.jpg 486w, https:\/\/northestatehomes.com\/wp-content\/uploads\/2020\/07\/image-box-13-228x300.jpg 228w\" sizes=\"(max-width: 486px) 100vw, 486px\" \/> <\/a>\t\t\t<\/div>\n\t\t\t\t\t\t\t<div class=\"ube-ib-content\">\n\t\t\t\t<h3 class=\"ube-ib-title mb-0\"><a href=\"#\">Property management<\/a><\/h3>\t\t\t\t\t\t\t\t\t<div class=\"ube-ib-desc mb-0\">It is the service of maintenance, and marketing for your property.<\/div>\n\t\t\t\t\t\t\t<\/div>\n\t\t\t<\/div>\n\t<\/div>\n\n\t\t\t<\/div>\n\t\t\t\t\t\t\t\t<div class=\"elementor-grid-item elementor-repeater-item-e569bcd\">\n\t\t\t\t<div class=\"ube-icon-box-wrapper\">\n\t<div class=\"ube-image-box ube-icon-box\">\n\t\t\t\t\t<div class=\"ube-ib-icon ube-image\">\n\t\t\t\t<a href=\"#\" class=\"card-img\"><img loading=\"lazy\" decoding=\"async\" width=\"486\" height=\"640\" src=\"https:\/\/northestatehomes.com\/wp-content\/uploads\/2020\/07\/image-box-14.jpg\" class=\"attachment-full size-full\" alt=\"\" srcset=\"https:\/\/northestatehomes.com\/wp-content\/uploads\/2020\/07\/image-box-14.jpg 486w, https:\/\/northestatehomes.com\/wp-content\/uploads\/2020\/07\/image-box-14-228x300.jpg 228w\" sizes=\"(max-width: 486px) 100vw, 486px\" \/> <\/a>\t\t\t<\/div>\n\t\t\t\t\t\t\t<div class=\"ube-ib-content\">\n\t\t\t\t<h3 class=\"ube-ib-title mb-0\"><a href=\"#\">Contract process<\/a><\/h3>\t\t\t\t\t\t\t\t\t<div class=\"ube-ib-desc mb-0\">It is the process of preparing a contract during the buying and selling processes.<\/div>\n\t\t\t\t\t\t\t<\/div>\n\t\t\t<\/div>\n\t<\/div>\n\n\t\t\t<\/div>\n\t\t\t\t\t\t\t\t<div class=\"elementor-grid-item elementor-repeater-item-c23f1d6\">\n\t\t\t\t<div class=\"ube-icon-box-wrapper\">\n\t<div class=\"ube-image-box ube-icon-box\">\n\t\t\t\t\t<div class=\"ube-ib-icon ube-image\">\n\t\t\t\t<a href=\"#\" class=\"card-img\"><img loading=\"lazy\" decoding=\"async\" width=\"486\" height=\"640\" src=\"https:\/\/northestatehomes.com\/wp-content\/uploads\/2020\/07\/image-box-15.jpg\" class=\"attachment-full size-full\" alt=\"\" srcset=\"https:\/\/northestatehomes.com\/wp-content\/uploads\/2020\/07\/image-box-15.jpg 486w, https:\/\/northestatehomes.com\/wp-content\/uploads\/2020\/07\/image-box-15-228x300.jpg 228w\" sizes=\"(max-width: 486px) 100vw, 486px\" \/> <\/a>\t\t\t<\/div>\n\t\t\t\t\t\t\t<div class=\"ube-ib-content\">\n\t\t\t\t<h3 class=\"ube-ib-title mb-0\"><a href=\"#\">Consulting process<\/a><\/h3>\t\t\t\t\t\t\t\t\t<div class=\"ube-ib-desc mb-0\">It is the evaluation service of the most suitable options within the scope of investment consultancy.<\/div>\n\t\t\t\t\t\t\t<\/div>\n\t\t\t<\/div>\n\t<\/div>\n\n\t\t\t<\/div>\n\t\t\t\t\t\t\t\t<div class=\"elementor-grid-item elementor-repeater-item-462784c\">\n\t\t\t\t<div class=\"ube-icon-box-wrapper\">\n\t<div class=\"ube-image-box ube-icon-box\">\n\t\t\t\t\t<div class=\"ube-ib-icon ube-image\">\n\t\t\t\t<a href=\"#\" class=\"card-img\"><img loading=\"lazy\" decoding=\"async\" width=\"486\" height=\"640\" src=\"https:\/\/northestatehomes.com\/wp-content\/uploads\/2020\/07\/image-box-16.jpg\" class=\"attachment-full size-full\" alt=\"\" srcset=\"https:\/\/northestatehomes.com\/wp-content\/uploads\/2020\/07\/image-box-16.jpg 486w, https:\/\/northestatehomes.com\/wp-content\/uploads\/2020\/07\/image-box-16-228x300.jpg 228w\" sizes=\"(max-width: 486px) 100vw, 486px\" \/> <\/a>\t\t\t<\/div>\n\t\t\t\t\t\t\t<div class=\"ube-ib-content\">\n\t\t\t\t<h3 class=\"ube-ib-title mb-0\"><a href=\"#\">Asset assessment<\/a><\/h3>\t\t\t\t\t\t\t\t\t<div class=\"ube-ib-desc mb-0\">It is the service of determining the condition and value of your properties.<\/div>\n\t\t\t\t\t\t\t<\/div>\n\t\t\t<\/div>\n\t<\/div>\n\n\t\t\t<\/div>\n\t\t\t\t\t\t\t\t<div class=\"elementor-grid-item elementor-repeater-item-b24af86\">\n\t\t\t\t<div class=\"ube-icon-box-wrapper\">\n\t<div class=\"ube-image-box ube-icon-box\">\n\t\t\t\t\t<div class=\"ube-ib-icon ube-image\">\n\t\t\t\t<a href=\"#\" class=\"card-img\"><img loading=\"lazy\" decoding=\"async\" width=\"486\" height=\"640\" src=\"https:\/\/northestatehomes.com\/wp-content\/uploads\/2020\/07\/image-box-17.jpg\" class=\"attachment-full size-full\" alt=\"\" srcset=\"https:\/\/northestatehomes.com\/wp-content\/uploads\/2020\/07\/image-box-17.jpg 486w, https:\/\/northestatehomes.com\/wp-content\/uploads\/2020\/07\/image-box-17-228x300.jpg 228w\" sizes=\"(max-width: 486px) 100vw, 486px\" \/> <\/a>\t\t\t<\/div>\n\t\t\t\t\t\t\t<div class=\"ube-ib-content\">\n\t\t\t\t<h3 class=\"ube-ib-title mb-0\"><a href=\"#\">Purchasing a home<\/a><\/h3>\t\t\t\t\t\t\t\t\t<div class=\"ube-ib-desc mb-0\">It is the service of determining the houses for living or investment purposes and purchasing consultancy.<\/div>\n\t\t\t\t\t\t\t<\/div>\n\t\t\t<\/div>\n\t<\/div>\n\n\t\t\t<\/div>\n\t\t\t\t\t\t\t\t<div class=\"elementor-grid-item elementor-repeater-item-3816619\">\n\t\t\t\t<div class=\"ube-icon-box-wrapper\">\n\t<div class=\"ube-image-box ube-icon-box\">\n\t\t\t\t\t<div class=\"ube-ib-icon ube-image\">\n\t\t\t\t<a href=\"#\" class=\"card-img\"><img loading=\"lazy\" decoding=\"async\" width=\"486\" height=\"640\" src=\"https:\/\/northestatehomes.com\/wp-content\/uploads\/2020\/07\/image-box-18.jpg\" class=\"attachment-full size-full\" alt=\"\" srcset=\"https:\/\/northestatehomes.com\/wp-content\/uploads\/2020\/07\/image-box-18.jpg 486w, https:\/\/northestatehomes.com\/wp-content\/uploads\/2020\/07\/image-box-18-228x300.jpg 228w\" sizes=\"(max-width: 486px) 100vw, 486px\" \/> <\/a>\t\t\t<\/div>\n\t\t\t\t\t\t\t<div class=\"ube-ib-content\">\n\t\t\t\t<h3 class=\"ube-ib-title mb-0\"><a href=\"#\">Selling your home<\/a><\/h3>\t\t\t\t\t\t\t\t\t<div class=\"ube-ib-desc mb-0\">It is the service of determining the value of your residence or property and selling it through marketing channels.<\/div>\n\t\t\t\t\t\t\t<\/div>\n\t\t\t<\/div>\n\t<\/div>\n\n\t\t\t<\/div>\n\t\t\t\t\t\t\t\t<div class=\"elementor-grid-item elementor-repeater-item-b1644a6\">\n\t\t\t\t<div class=\"ube-icon-box-wrapper\">\n\t<div class=\"ube-image-box ube-icon-box\">\n\t\t\t\t\t<div class=\"ube-ib-icon ube-image\">\n\t\t\t\t<span class=\"card-img\"><img loading=\"lazy\" decoding=\"async\" width=\"486\" height=\"640\" src=\"https:\/\/northestatehomes.com\/wp-content\/uploads\/2022\/08\/mimarlik.png\" class=\"attachment-full size-full\" alt=\"mimarl\u0131k\" srcset=\"https:\/\/northestatehomes.com\/wp-content\/uploads\/2022\/08\/mimarlik.png 486w, https:\/\/northestatehomes.com\/wp-content\/uploads\/2022\/08\/mimarlik-228x300.png 228w, https:\/\/northestatehomes.com\/wp-content\/uploads\/2022\/08\/mimarlik-9x12.png 9w\" sizes=\"(max-width: 486px) 100vw, 486px\" \/> <\/span>\t\t\t<\/div>\n\t\t\t\t\t\t\t<div class=\"ube-ib-content\">\n\t\t\t\t<h3 class=\"ube-ib-title mb-0\"><span >Architecture &amp; Engineering Service<\/span><\/h3>\t\t\t\t\t\t\t\t\t<div class=\"ube-ib-desc mb-0\">Professional architecture &amp; engineering service with our experienced team.<\/div>\n\t\t\t\t\t\t\t<\/div>\n\t\t\t<\/div>\n\t<\/div>\n\n\t\t\t<\/div>\n\t\t\t\t\t\t\t\t<div class=\"elementor-grid-item elementor-repeater-item-f63afd5\">\n\t\t\t\t<div class=\"ube-icon-box-wrapper\">\n\t<div class=\"ube-image-box ube-icon-box\">\n\t\t\t\t\t<div class=\"ube-ib-icon ube-image\">\n\t\t\t\t<span class=\"card-img\"><img loading=\"lazy\" decoding=\"async\" width=\"486\" height=\"640\" src=\"https:\/\/northestatehomes.com\/wp-content\/uploads\/2022\/08\/muteahhitlik.png\" class=\"attachment-full size-full\" alt=\"\" srcset=\"https:\/\/northestatehomes.com\/wp-content\/uploads\/2022\/08\/muteahhitlik.png 486w, https:\/\/northestatehomes.com\/wp-content\/uploads\/2022\/08\/muteahhitlik-228x300.png 228w, https:\/\/northestatehomes.com\/wp-content\/uploads\/2022\/08\/muteahhitlik-9x12.png 9w\" sizes=\"(max-width: 486px) 100vw, 486px\" \/> <\/span>\t\t\t<\/div>\n\t\t\t\t\t\t\t<div class=\"ube-ib-content\">\n\t\t\t\t<h3 class=\"ube-ib-title mb-0\"><span >Contracting Service<\/span><\/h3>\t\t\t\t\t\t\t\t\t<div class=\"ube-ib-desc mb-0\">Experienced, equipped and strong contracting service.<\/div>\n\t\t\t\t\t\t\t<\/div>\n\t\t\t<\/div>\n\t<\/div>\n\n\t\t\t<\/div>\n\t\t\t\t\t\t\t\t<div class=\"elementor-grid-item elementor-repeater-item-99ce2cb\">\n\t\t\t\t<div class=\"ube-icon-box-wrapper\">\n\t<div class=\"ube-image-box ube-icon-box\">\n\t\t\t\t\t<div class=\"ube-ib-icon ube-image\">\n\t\t\t\t<span class=\"card-img\"><img loading=\"lazy\" decoding=\"async\" width=\"486\" height=\"640\" src=\"https:\/\/northestatehomes.com\/wp-content\/uploads\/2022\/08\/peyzaj.png\" class=\"attachment-full size-full\" alt=\"\" srcset=\"https:\/\/northestatehomes.com\/wp-content\/uploads\/2022\/08\/peyzaj.png 486w, https:\/\/northestatehomes.com\/wp-content\/uploads\/2022\/08\/peyzaj-228x300.png 228w, https:\/\/northestatehomes.com\/wp-content\/uploads\/2022\/08\/peyzaj-9x12.png 9w\" sizes=\"(max-width: 486px) 100vw, 486px\" \/> <\/span>\t\t\t<\/div>\n\t\t\t\t\t\t\t<div class=\"ube-ib-content\">\n\t\t\t\t<h3 class=\"ube-ib-title mb-0\"><span >Landscape Service<\/span><\/h3>\t\t\t\t\t\t\t\t\t<div class=\"ube-ib-desc mb-0\">Well-maintained, aesthetical and useful landscaping and maintenance service.<\/div>\n\t\t\t\t\t\t\t<\/div>\n\t\t\t<\/div>\n\t<\/div>\n\n\t\t\t<\/div>\n\t\t\t\t\t\t<\/div>\n\t\t\t\t<\/div>\n\t\t\t\t<\/div>\n\t\t\t\t\t<\/div>\n\t\t<\/div>\n\t\t\t\t\t\t\t<\/div>\n\t\t<\/section>\n\t\t\t\t<section class=\"elementor-section elementor-top-section elementor-element elementor-element-8423aee elementor-section-boxed elementor-section-height-default elementor-section-height-default\" data-id=\"8423aee\" data-element_type=\"section\" data-settings=\"{&quot;background_background&quot;:&quot;classic&quot;}\">\n\t\t\t\t\t\t<div class=\"elementor-container elementor-column-gap-no\">\n\t\t\t\t\t<div class=\"elementor-column elementor-col-100 elementor-top-column elementor-element elementor-element-8f6dde7\" data-id=\"8f6dde7\" data-element_type=\"column\">\n\t\t\t<div class=\"elementor-widget-wrap elementor-element-populated\">\n\t\t\t\t\t\t\t\t<div class=\"elementor-element elementor-element-8e68610 elementor-align-left elementor-widget elementor-widget-ube-heading\" data-id=\"8e68610\" data-element_type=\"widget\" data-widget_type=\"ube-heading.default\">\n\t\t\t\t<div class=\"elementor-widget-container\">\n\t\t\t<div class=\"ube-heading\">\n\t<h2 class=\"ube-heading-title\">We can't wait to meet you.<\/h2><div class=\"ube-heading-description\"><p>Fill our contact form.<\/p><\/div><\/div>\t\t<\/div>\n\t\t\t\t<\/div>\n\t\t\t\t<div class=\"elementor-element elementor-element-68174cd ube-contact-form-7-button-custom elementor-widget elementor-widget-ube-contact-form-7\" data-id=\"68174cd\" data-element_type=\"widget\" data-widget_type=\"ube-contact-form-7.default\">\n\t\t\t\t<div class=\"elementor-widget-container\">\n\t\t\t    <div class=\"ube-contact-form-7-wrapper\">\n        <div class=\"ube-contact-form ube-contact-form-7 ube-contact-form-68174cd ube-contact-form-7-button-custom\">\n\t\t\t<div role=\"form\" class=\"wpcf7\" id=\"wpcf7-f121-o1\" lang=\"en-US\" dir=\"ltr\">\n<div class=\"screen-reader-response\"><p role=\"status\" aria-live=\"polite\" aria-atomic=\"true\"><\/p> <ul><\/ul><\/div>\n<form action=\"\/en\/wp-json\/wp\/v2\/pages\/5766#wpcf7-f121-o1\" method=\"post\" class=\"wpcf7-form init\" novalidate=\"novalidate\" data-status=\"init\" data-trp-original-action=\"\/en\/wp-json\/wp\/v2\/pages\/5766#wpcf7-f121-o1\">\n<div style=\"display: none;\">\n<input type=\"hidden\" name=\"_wpcf7\" value=\"121\" \/>\n<input type=\"hidden\" name=\"_wpcf7_version\" value=\"5.6.1\" \/>\n<input type=\"hidden\" name=\"_wpcf7_locale\" value=\"en_US\" \/>\n<input type=\"hidden\" name=\"_wpcf7_unit_tag\" value=\"wpcf7-f121-o1\" \/>\n<input type=\"hidden\" name=\"_wpcf7_container_post\" value=\"0\" \/>\n<input type=\"hidden\" name=\"_wpcf7_posted_data_hash\" value=\"\" \/>\n<\/div>\n<div class=\"homeid-contact-form style-04 row\">\n<div class=\"item-contact firt-name col-md-6 col-12\">\n<span class=\"wpcf7-form-control-wrap\" data-name=\"firt-name\"><input type=\"text\" name=\"firt-name\" value=\"\" size=\"40\" class=\"wpcf7-form-control wpcf7-text wpcf7-validates-as-required\" aria-required=\"true\" aria-invalid=\"false\" placeholder=\"Name\" \/><\/span>\n<\/div>\n<div class=\"item-contact last-name col-md-6 col-12\">\n<span class=\"wpcf7-form-control-wrap\" data-name=\"last-name\"><input type=\"text\" name=\"last-name\" value=\"\" size=\"40\" class=\"wpcf7-form-control wpcf7-text wpcf7-validates-as-required\" aria-required=\"true\" aria-invalid=\"false\" placeholder=\"Surname\" \/><\/span>\n<\/div>\n<div class=\"item-contact email col-md-6 col-12\">\n<span class=\"wpcf7-form-control-wrap\" data-name=\"email\"><input type=\"email\" name=\"email\" value=\"\" size=\"40\" class=\"wpcf7-form-control wpcf7-text wpcf7-email wpcf7-validates-as-required wpcf7-validates-as-email\" aria-required=\"true\" aria-invalid=\"false\" placeholder=\"E-mail Address\" \/><\/span>\n<\/div>\n<div class=\"item-contact phone col-md-6 col-12\">\n<span class=\"wpcf7-form-control-wrap\" data-name=\"tel\"><input type=\"text\" name=\"tel\" value=\"\" size=\"40\" class=\"wpcf7-form-control wpcf7-text wpcf7-validates-as-required\" aria-required=\"true\" aria-invalid=\"false\" placeholder=\"Phone Number\" \/><\/span>\n<\/div>\n<div class=\"item-contact col-12\">\n<span class=\"wpcf7-form-control-wrap\" data-name=\"messenger\"><textarea name=\"messenger\" cols=\"40\" rows=\"10\" class=\"wpcf7-form-control wpcf7-textarea wpcf7-validates-as-required\" aria-required=\"true\" aria-invalid=\"false\" placeholder=\"Message\"><\/textarea><\/span>\n<\/div>\n<div class=\"item-contact submit col-12\">\n<input type=\"submit\" value=\"Send\" class=\"wpcf7-form-control has-spinner wpcf7-submit\" \/>\n<\/div>\n<\/div>\n<div class=\"wpcf7-response-output\" aria-hidden=\"true\"><\/div><input type=\"hidden\" name=\"trp-form-language\" value=\"en\"\/><\/form><\/div>        <\/div>\n    <\/div>\n\t\t<\/div>\n\t\t\t\t<\/div>\n\t\t\t\t\t<\/div>\n\t\t<\/div>\n\t\t\t\t\t\t\t<\/div>\n\t\t<\/section>\n\t\t\t\t\t\t\t<\/div>","protected":false},"excerpt":{"rendered":"<p>Sundu\u011fumuz Hizmetler M\u00fclkiyet y\u00f6netimi M\u00fclk\u00fcn\u00fcz\u00fcn bak\u0131m, ve pazarlama hizmetidir. S\u00f6zle\u015fme s\u00fcreci Al\u0131m sat\u0131m i\u015flemleri s\u0131ras\u0131nda s\u00f6zle\u015fme haz\u0131rlama i\u015flemidir. Dan\u0131\u015fmanl\u0131k s\u00fcreci Yat\u0131r\u0131m dan\u0131\u015fmanl\u0131\u011f\u0131 kapsam\u0131nda en uygun se\u00e7eneklerin de\u011ferlendirilmesi hizmetidir. Varl\u0131k de\u011ferlendirmesi M\u00fclklerinizin durumu ve de\u011ferlerinin belirlenmesi hizmetidir. Ev sat\u0131n alma \u0130ster ya\u015fam isterseniz ise yat\u0131r\u0131m ama\u00e7l\u0131 evlerin belirlenmesi ve al\u0131m dan\u0131\u015fmanl\u0131\u011f\u0131 hizmetidir. Ev sat\u0131\u015f\u0131 Konut veya [&hellip;]<\/p>","protected":false},"author":1,"featured_media":0,"parent":0,"menu_order":0,"comment_status":"closed","ping_status":"closed","template":"","meta":{"footnotes":"","_joinchat":[]},"_links":{"self":[{"href":"https:\/\/northestatehomes.com\/en\/wp-json\/wp\/v2\/pages\/5766"}],"collection":[{"href":"https:\/\/northestatehomes.com\/en\/wp-json\/wp\/v2\/pages"}],"about":[{"href":"https:\/\/northestatehomes.com\/en\/wp-json\/wp\/v2\/types\/page"}],"author":[{"embeddable":true,"href":"https:\/\/northestatehomes.com\/en\/wp-json\/wp\/v2\/users\/1"}],"replies":[{"embeddable":true,"href":"https:\/\/northestatehomes.com\/en\/wp-json\/wp\/v2\/comments?post=5766"}],"version-history":[{"count":26,"href":"https:\/\/northestatehomes.com\/en\/wp-json\/wp\/v2\/pages\/5766\/revisions"}],"predecessor-version":[{"id":6963,"href":"https:\/\/northestatehomes.com\/en\/wp-json\/wp\/v2\/pages\/5766\/revisions\/6963"}],"wp:attachment":[{"href":"https:\/\/northestatehomes.com\/en\/wp-json\/wp\/v2\/media?parent=5766"}],"curies":[{"name":"wp","href":"https:\/\/api.w.org\/{rel}","templated":true}]}}