{"id":3696,"date":"2020-11-09T09:23:45","date_gmt":"2020-11-09T09:23:45","guid":{"rendered":"https:\/\/bignorthestate.com\/?page_id=3696"},"modified":"2022-09-26T06:47:40","modified_gmt":"2022-09-26T06:47:40","slug":"page-404","status":"publish","type":"page","link":"https:\/\/northestatehomes.com\/en\/page-404\/","title":{"rendered":"Page 404"},"content":{"rendered":"<div data-elementor-type=\"wp-page\" data-elementor-id=\"3696\" class=\"elementor elementor-3696\">\n\t\t\t\t\t\t\t\t\t<section class=\"elementor-section elementor-top-section elementor-element elementor-element-7392ef0 elementor-section-stretched elementor-section-boxed elementor-section-height-default elementor-section-height-default\" data-id=\"7392ef0\" data-element_type=\"section\" data-settings=\"{&quot;stretch_section&quot;:&quot;section-stretched&quot;}\">\n\t\t\t\t\t\t<div class=\"elementor-container elementor-column-gap-default\">\n\t\t\t\t\t<div class=\"elementor-column elementor-col-100 elementor-top-column elementor-element elementor-element-3e9a621\" data-id=\"3e9a621\" data-element_type=\"column\">\n\t\t\t<div class=\"elementor-widget-wrap elementor-element-populated\">\n\t\t\t\t\t\t\t\t<div class=\"elementor-element elementor-element-cca0e70 elementor-widget elementor-widget-image\" data-id=\"cca0e70\" data-element_type=\"widget\" data-widget_type=\"image.default\">\n\t\t\t\t<div class=\"elementor-widget-container\">\n\t\t\t<style>\/*! elementor - v3.6.8 - 27-07-2022 *\/\n.elementor-widget-image{text-align:center}.elementor-widget-image a{display:inline-block}.elementor-widget-image a img[src$=\".svg\"]{width:48px}.elementor-widget-image img{vertical-align:middle;display:inline-block}<\/style>\t\t\t\t\t\t\t\t\t\t\t\t\t<a href=\"http:\/\/dev.g5plus.net\/homeid-elementor-demo1\">\n\t\t\t\t\t\t\t<img decoding=\"async\" src=\"http:\/\/northestatehomes.com\/wp-content\/uploads\/2022\/08\/cropped-neh_logo_.png\" title=\"\" alt=\"neh_logo_\" \/>\t\t\t\t\t\t\t\t<\/a>\n\t\t\t\t\t\t\t\t\t\t\t\t\t\t\t<\/div>\n\t\t\t\t<\/div>\n\t\t\t\t\t<\/div>\n\t\t<\/div>\n\t\t\t\t\t\t\t<\/div>\n\t\t<\/section>\n\t\t\t\t<section class=\"elementor-section elementor-top-section elementor-element elementor-element-c479bc2 elementor-section-boxed elementor-section-height-default elementor-section-height-default\" data-id=\"c479bc2\" data-element_type=\"section\">\n\t\t\t\t\t\t<div class=\"elementor-container elementor-column-gap-default\">\n\t\t\t\t\t<div class=\"elementor-column elementor-col-100 elementor-top-column elementor-element elementor-element-5627435\" data-id=\"5627435\" data-element_type=\"column\">\n\t\t\t<div class=\"elementor-widget-wrap elementor-element-populated\">\n\t\t\t\t\t\t\t\t<div class=\"elementor-element elementor-element-a6ff066 image-404 elementor-widget elementor-widget-image\" data-id=\"a6ff066\" data-element_type=\"widget\" data-widget_type=\"image.default\">\n\t\t\t\t<div class=\"elementor-widget-container\">\n\t\t\t\t\t\t\t\t\t\t\t\t\t\t\t<img decoding=\"async\" src=\"https:\/\/northestatehomes.com\/wp-content\/uploads\/2021\/03\/404.png\" title=\"404\" alt=\"404\" \/>\t\t\t\t\t\t\t\t\t\t\t\t\t\t\t<\/div>\n\t\t\t\t<\/div>\n\t\t\t\t<div class=\"elementor-element elementor-element-acfe1cb elementor-align-center elementor-widget elementor-widget-ube-heading\" data-id=\"acfe1cb\" data-element_type=\"widget\" data-widget_type=\"ube-heading.default\">\n\t\t\t\t<div class=\"elementor-widget-container\">\n\t\t\t<div class=\"ube-heading\">\n\t<h2 class=\"ube-heading-title\">Oops! Arad\u0131\u011f\u0131n\u0131z Sayfaya Ula\u015f\u0131lamad\u0131<\/h2><div class=\"ube-heading-description\"><p>Bununla kar\u015f\u0131la\u015ft\u0131\u011f\u0131n\u0131z i\u00e7in \u00f6z\u00fcr dileriz. Bazen sayfay\u0131 yenilemek bu sorunu \u00e7\u00f6zebilir.<\/p><\/div><\/div>\t\t<\/div>\n\t\t\t\t<\/div>\n\t\t\t\t<section class=\"elementor-section elementor-inner-section elementor-element elementor-element-9a71732 elementor-section-boxed elementor-section-height-default elementor-section-height-default\" data-id=\"9a71732\" data-element_type=\"section\">\n\t\t\t\t\t\t<div class=\"elementor-container elementor-column-gap-default\">\n\t\t\t\t\t<div class=\"elementor-column elementor-col-100 elementor-inner-column elementor-element elementor-element-c00129e\" data-id=\"c00129e\" data-element_type=\"column\">\n\t\t\t<div class=\"elementor-widget-wrap elementor-element-populated\">\n\t\t\t\t\t\t\t\t<div class=\"elementor-element elementor-element-79dfd24 custom-ere-search-02 custom-search-box-shadow elementor-widget elementor-widget-g5-property-search-form\" data-id=\"79dfd24\" data-element_type=\"widget\" data-widget_type=\"g5-property-search-form.default\">\n\t\t\t\t<div class=\"elementor-widget-container\">\n\t\t\t<div class=\"g5element__property-search-form\">\n\t<div data-prefix=\"g5ere__sf-69e18f38bc64b\" class=\"g5ere__search-form g5ere__sf-layout-layout-01\">\n\t<form method=\"get\" autocomplete=\"off\" action=\"https:\/\/northestatehomes.com\/en\/property\/\" data-trp-original-action=\"https:\/\/northestatehomes.com\/en\/property\/\">\n\t\t\t\t\t\n\t\t\t\t\t\t\t<div class=\"g5ere__sf-top form-inline\">\n\t\t\t\t\t<div class=\"form-group g5ere__search-field g5ere__sf-keyword g5ere__sf-auto-complete\">\n\t<label class=\"g5ere__s-label\" for=\"g5ere__sf-69e18f38bc64b_keyword\">Anahtar Kelime<\/label>\n\t<div class=\"input-group w-100\">\n\t\t<div class=\"input-group-prepend\">\n\t\t\t<button class=\"input-group-text g5ere__sf-icon-submit\"><i class=\"fal fa-search\"><\/i><\/button>\n\t\t<\/div>\n\t\t<input id=\"g5ere__sf-69e18f38bc64b_keyword\" class=\"form-control\" value=\"\" name=\"keyword\" type=\"text\" placeholder=\"Anahtar Kelime Girin...\">\n\t\t\t\t\t<div class=\"g5ere__sf-auto-complete-result dropdown-menu\"><\/div>\n\t\t\t<\/div>\n<\/div>\n\n<div class=\"form-group g5ere__search-field g5ere__sf-submit-button\">\n\t<button class=\"btn btn-block g5ere__sf-btn-submit\">Arama Yap<\/button>\n<\/div>\n\t\t\t\t<\/div>\n\t\t\t\t\t\t\t\t\t<input type=\"hidden\" name=\"post_type\" value=\"property\">\n\t\t<input type=\"hidden\" name=\"s\" value=\"\">\n\t\t\t<input type=\"hidden\" name=\"trp-form-language\" value=\"en\"\/><\/form>\n<\/div>\n<\/div>\n\n\t\t<\/div>\n\t\t\t\t<\/div>\n\t\t\t\t\t<\/div>\n\t\t<\/div>\n\t\t\t\t\t\t\t<\/div>\n\t\t<\/section>\n\t\t\t\t<section class=\"elementor-section elementor-inner-section elementor-element elementor-element-17eaf35 elementor-section-boxed elementor-section-height-default elementor-section-height-default\" data-id=\"17eaf35\" data-element_type=\"section\">\n\t\t\t\t\t\t<div class=\"elementor-container elementor-column-gap-no\">\n\t\t\t\t\t<div class=\"elementor-column elementor-col-50 elementor-inner-column elementor-element elementor-element-13d0f8f\" data-id=\"13d0f8f\" data-element_type=\"column\">\n\t\t\t<div class=\"elementor-widget-wrap elementor-element-populated\">\n\t\t\t\t\t\t\t\t<div class=\"elementor-element elementor-element-e29c83c elementor-widget elementor-widget-ube-heading\" data-id=\"e29c83c\" data-element_type=\"widget\" data-widget_type=\"ube-heading.default\">\n\t\t\t\t<div class=\"elementor-widget-container\">\n\t\t\t<div class=\"ube-heading\">\n\t<h2 class=\"ube-heading-title\">M\u00fclk Kategorileri<\/h2><\/div>\t\t<\/div>\n\t\t\t\t<\/div>\n\t\t\t\t<div class=\"elementor-element elementor-element-5bc6dd5 elementor-widget elementor-widget-ube-list-icon\" data-id=\"5bc6dd5\" data-element_type=\"widget\" data-widget_type=\"ube-list-icon.default\">\n\t\t\t\t<div class=\"elementor-widget-container\">\n\t\t\t<ul class=\"ube-list-icon ube-list-icon-sm list-unstyled\">\n\t\t\t        <li class=\"list-icon-item\">\n\t\t\t\t\t\t\t\t\t\t\t\t\t<a href=\"https:\/\/bignorthestate.com\/property\/?status=satilik&amp;type=apartment&amp;post_type=property&amp;s=\" class=\"ube-list-icon-title\">Sat\u0131l\u0131k Villalar             <\/a>\t\t\t        <\/li>\n\t\t\t        <li class=\"list-icon-item\">\n\t\t\t\t\t\t\t\t\t\t\t\t\t<a href=\"https:\/\/bignorthestate.com\/property\/?status=satilik&amp;type=apartment&amp;post_type=property&amp;s=\" class=\"ube-list-icon-title\">Sat\u0131l\u0131k Daireler<\/a>\t\t\t        <\/li>\n\t\t\t        <li class=\"list-icon-item\">\n\t\t\t\t\t\t\t\t\t\t\t\t\t<a href=\"https:\/\/bignorthestate.com\/property\/?status=satilik&amp;type=celik-yapilar&amp;post_type=property&amp;s=\" class=\"ube-list-icon-title\">\u00c7elik Villalar<\/a>\t\t\t        <\/li>\n\t\t\t        <li class=\"list-icon-item\">\n\t\t\t\t\t\t\t\t\t\t\t\t\t<a href=\"https:\/\/bignorthestate.com\/property\/?status=satilik&amp;type=celik-yapilar&amp;post_type=property&amp;s=\" class=\"ube-list-icon-title\">Tiny House<\/a>\t\t\t        <\/li>\n\t<\/ul>\n\n\n\n\t\t<\/div>\n\t\t\t\t<\/div>\n\t\t\t\t\t<\/div>\n\t\t<\/div>\n\t\t\t\t<div class=\"elementor-column elementor-col-50 elementor-inner-column elementor-element elementor-element-4fcb05e\" data-id=\"4fcb05e\" data-element_type=\"column\">\n\t\t\t<div class=\"elementor-widget-wrap elementor-element-populated\">\n\t\t\t\t\t\t\t\t<div class=\"elementor-element elementor-element-2012806 elementor-widget elementor-widget-ube-heading\" data-id=\"2012806\" data-element_type=\"widget\" data-widget_type=\"ube-heading.default\">\n\t\t\t\t<div class=\"elementor-widget-container\">\n\t\t\t<div class=\"ube-heading\">\n\t<h2 class=\"ube-heading-title\">G\u00fcncel Bloglar<\/h2><\/div>\t\t<\/div>\n\t\t\t\t<\/div>\n\t\t\t\t<div class=\"elementor-element elementor-element-e451ef1 elementor-widget elementor-widget-ube-list-icon\" data-id=\"e451ef1\" data-element_type=\"widget\" data-widget_type=\"ube-list-icon.default\">\n\t\t\t\t<div class=\"elementor-widget-container\">\n\t\t\t<ul class=\"ube-list-icon ube-list-icon-sm list-unstyled\">\n\t\t\t        <li class=\"list-icon-item\">\n\t\t\t\t\t\t\t\t\t\t\t\t\t<a href=\"https:\/\/bignorthestate.com\/construction-you-can-count-on\/\" class=\"ube-list-icon-title\">Construction You Can Count On<\/a>\t\t\t        <\/li>\n\t<\/ul>\n\n\n\n\t\t<\/div>\n\t\t\t\t<\/div>\n\t\t\t\t\t<\/div>\n\t\t<\/div>\n\t\t\t\t\t\t\t<\/div>\n\t\t<\/section>\n\t\t\t\t\t<\/div>\n\t\t<\/div>\n\t\t\t\t\t\t\t<\/div>\n\t\t<\/section>\n\t\t\t\t\t\t\t<\/div>","protected":false},"excerpt":{"rendered":"<p>Oops! Arad\u0131\u011f\u0131n\u0131z Sayfaya Ula\u015f\u0131lamad\u0131 Bununla kar\u015f\u0131la\u015ft\u0131\u011f\u0131n\u0131z i\u00e7in \u00f6z\u00fcr dileriz. Bazen sayfay\u0131 yenilemek bu sorunu \u00e7\u00f6zebilir. Keyword Search M\u00fclk Kategorileri Sat\u0131l\u0131k Villalar Sat\u0131l\u0131k Daireler \u00c7elik Villalar Tiny House G\u00fcncel Bloglar Construction You Can Count On<\/p>","protected":false},"author":1,"featured_media":0,"parent":0,"menu_order":0,"comment_status":"closed","ping_status":"closed","template":"","meta":{"footnotes":"","_joinchat":[]},"_links":{"self":[{"href":"https:\/\/northestatehomes.com\/en\/wp-json\/wp\/v2\/pages\/3696"}],"collection":[{"href":"https:\/\/northestatehomes.com\/en\/wp-json\/wp\/v2\/pages"}],"about":[{"href":"https:\/\/northestatehomes.com\/en\/wp-json\/wp\/v2\/types\/page"}],"author":[{"embeddable":true,"href":"https:\/\/northestatehomes.com\/en\/wp-json\/wp\/v2\/users\/1"}],"replies":[{"embeddable":true,"href":"https:\/\/northestatehomes.com\/en\/wp-json\/wp\/v2\/comments?post=3696"}],"version-history":[{"count":6,"href":"https:\/\/northestatehomes.com\/en\/wp-json\/wp\/v2\/pages\/3696\/revisions"}],"predecessor-version":[{"id":7035,"href":"https:\/\/northestatehomes.com\/en\/wp-json\/wp\/v2\/pages\/3696\/revisions\/7035"}],"wp:attachment":[{"href":"https:\/\/northestatehomes.com\/en\/wp-json\/wp\/v2\/media?parent=3696"}],"curies":[{"name":"wp","href":"https:\/\/api.w.org\/{rel}","templated":true}]}}